{"id":12,"date":"2022-06-01T17:51:26","date_gmt":"2022-06-01T15:51:26","guid":{"rendered":"http:\/\/www.smartmobilityhub.it\/?page_id=12"},"modified":"2022-06-08T10:34:26","modified_gmt":"2022-06-08T08:34:26","slug":"smart-mobily-hub","status":"publish","type":"page","link":"https:\/\/www.smartmobilityhub.it\/","title":{"rendered":"Smart Mobility Hub"},"content":{"rendered":"\n<figure class=\"wp-block-gallery has-nested-images columns-default is-cropped wp-block-gallery-1 is-layout-flex wp-block-gallery-is-layout-flex\">\n<figure class=\"wp-block-image size-full\"><img loading=\"lazy\" decoding=\"async\" width=\"557\" height=\"743\" data-id=\"84\" src=\"http:\/\/www.smartmobilityhub.it\/wp-content\/uploads\/2022\/06\/3.jpg\" alt=\"\" class=\"wp-image-84\" srcset=\"https:\/\/www.smartmobilityhub.it\/wp-content\/uploads\/2022\/06\/3.jpg 557w, https:\/\/www.smartmobilityhub.it\/wp-content\/uploads\/2022\/06\/3-225x300.jpg 225w\" sizes=\"auto, (max-width: 557px) 100vw, 557px\" \/><\/figure>\n<\/figure>\n\n\n\n<div class=\"wp-block-group\"><div class=\"wp-block-group__inner-container is-layout-flow wp-block-group-is-layout-flow\">\n<p class=\"has-extra-large-font-size\"><strong>PROGETTO<\/strong><\/p>\n\n\n\n<p class=\"has-text-align-left has-extra-large-font-size\">Il progetto SMART MOBILITY HUB, Piattaforme integrate di generazione e accumulo di energia in configurazione \u201cad isola\u201d per servizi off-grid, \u00e8 stato ammesso a finanziamento nell\u2019ambito del Bando del Ministero delle Sviluppo Economico &#8211; Pon Imprese E Competitivit\u00e0 Fesr 2014\/2020 \u2013 Fondo Per La Crescita Sostenibile Decreto Ministeriale 20 Novembre 2018. Le attivit\u00e0 hanno avuto inizio in data 1\u00b0 marzo 2021 e ricoprono un periodo temporale di 36 mesi.<\/p>\n\n\n\n<p class=\"has-extra-large-font-size\"><strong>PROPONENTI<\/strong><\/p>\n\n\n\n<p class=\"has-extra-large-font-size\">I proponenti del progetto SMART MOBILITY HUB sono la societ\u00e0 EPM S.r.l. (Capofila), impresa specializzata nei servizi ambientali con esperienza trentennale e&nbsp; che offre servizi in ambito energetico in qualit\u00e0 di ESCO, &nbsp;la societ\u00e0 GAIA ENERGY S.r.l che opera da anni nei settori delle energie rinnovabili e dell\u2019efficientamento energetico e l\u2019Istituto di Scienze e Tecnologie per l\u2019Energia e la Mobilit\u00e0 Sostenibili del Consiglio Nazionale delle Ricerche &#8211; (CNR-STEMS) che svolge attivit\u00e0 di ricerca di base e di supporto allo sviluppo tecnologico nei settori della conversione dell\u2019energia e della protezione dell\u2019ambiente.<\/p>\n\n\n\n<p class=\"has-extra-large-font-size\">Ulteriore soggetto coinvolto \u00e8 la Costruzioni Motori Diesel S.p.A. che lavorer\u00e0 a supporto della EPM nel fornire competenze specialistiche, capacit\u00e0 tecnologiche e risorse strumentali di supporto alle attivit\u00e0 relative alla cogenerazione da biomassa residuale.<\/p>\n\n\n\n<p class=\"has-extra-large-font-size\"><strong>FINALIT\u00c0<\/strong><\/p>\n\n\n\n<p class=\"has-extra-large-font-size\">Il progetto SMART MOBILITY HUB \u00e8 finalizzato allo sviluppo di soluzioni tecnologiche in grado di erogare differenti servizi ai cittadini, mediante alimentazione da sole fonti rinnovabili e, in particolare, a fornire supporto alla diffusione di servizi di sharing di veicoli sostenibili con ricarica a basso impatto ambientale in aree naturali protette.<\/p>\n\n\n\n<p class=\"has-extra-large-font-size\">In particolar modo, si intende ottimizzare la produzione e l\u2019accumulo di energia attraverso una gestione smart, flessibile e capace di ridurre al minimo gli sprechi, ma garantendo al contempo la continuit\u00e0 e la fruibilit\u00e0 del servizio agli utenti. In questo modo si favorir\u00e0 lo sviluppo dell\u2019intero territorio non solo considerando le ripercussioni che il sistema HUB sar\u00e0 in grado di generare in termini di sviluppo turistico (legato ovviamente ai servizi di smart mobility) ma anche rendendolo il pi\u00f9 energeticamente indipendente possibile.<\/p>\n\n\n\n<p class=\"has-extra-large-font-size\"><strong>OBIETTIVI SPECIFICI<\/strong><\/p>\n\n\n\n<p class=\"has-extra-large-font-size\">Il progetto persegue obiettivi di realizzazione di attivit\u00e0 di ricerca industriale e di sviluppo sperimentale, &nbsp;strettamente connesse tra di loro, che potranno concretizzarsi attraverso la proposizione di un modello di progettazione altamente customizzata di piattaforme energetiche ibride che a loro volta soddisfano requisiti perfettamente in linea con le correnti con la Strategia nazionale di specializzazione intelligente e le Sfide Sociali dell\u2019Unione Europea relative a:<\/p>\n\n\n\n<ul class=\"has-extra-large-font-size wp-block-list\"><li>valorizzazione delle risorse rinnovabili disponibili atte alla produzione d\u2019energia elettrica e termica;<\/li><li>realizzazione del concetto di economia circolare, in cui ogni risorsa disponibile \u00e8 utilizzata senza sprechi e ai massimi livelli;<\/li><li>ottimizzare la produzione e l\u2019accumulo di energiaattraverso una gestione smart, flessibile e capace di ridurre al minimo i disservizi, ma garantendo al contempo la continuit\u00e0 e la fruibilit\u00e0 del servizio agli utenti;<\/li><li>incentivare lo sviluppo della mobilit\u00e0 sostenibile attraverso la sua integrazione intelligente con gli impianti di produzione di energia \u201cgreen\u201d;<\/li><li>sviluppo e diffusione di strategie di gestionea tutela delle aree verdi protette<\/li><\/ul>\n\n\n\n<p class=\"has-extra-large-font-size\"><strong>AMBITO TECNOLOGICO<\/strong><\/p>\n\n\n\n<p class=\"has-extra-large-font-size\">Il progetto SMART MOBILITY HUB \u00e8 concepito per l\u2019inclusione delle tecnologie abilitanti fondamentali (KETs \u2013 Key Enabling Technologies) di cui al punto 5 all\u2019Allegato n. 1 del D.M. 5 marzo 2018 \u201cFabbricazione e trasformazione avanzate\u201d nel settore applicativo \u201cFabbrica Intelligente\u201d dell\u2019Allegato n. 1 al D.D. 20 novembre 2018 del Ministero dello Sviluppo Economico. Proponendo un modello di progettazione altamente customizzata di piattaforme energetiche ibride principalmente finalizzate alla fornitura di servizi ai cittadini e alla ricarica dei veicoli elettrici, SMART MOBILITY HUB si presenta come azione esemplare di sviluppo di \u201cTecnologie per le fabbriche del futuro, in grado di favorire incrementi di produttivit\u00e0 accompagnati da un minore utilizzo dei materiali e dell\u2019energia, da un minore inquinamento e da una minore produzione di rifiuti\u201d.<\/p>\n\n\n\n<p class=\"has-extra-large-font-size\">La tematica in cui il progetto rientra, tra quelle indicate nell\u2019Allegato n. 1 del D.D. 20 novembre 2018, \u00e8 \u201cFabbrica Intelligente &#8211; SN_ A2 Sistemi produttivi evolutivi e adattativi per la produzione personalizzata &#8211; Strumenti avanzati per la configurazione e progettazione di soluzioni personalizzate\u201d.<\/p>\n\n\n\n<p class=\"has-extra-large-font-size\"><strong>RESPONSABILE SCIENTIFICO<\/strong><\/p>\n\n\n\n<p class=\"has-extra-large-font-size\">Dott. Ing. MICHELA COSTA<\/p>\n\n\n\n<p class=\"has-extra-large-font-size\">Primo Ricercatore presso l\u2019Istituto di Scienze e Tecnologie per l\u2019Energia e la Mobilit\u00e0 Sostenibili del Consiglio Nazionale delle Ricerche.<\/p>\n\n\n\n<p class=\"has-extra-large-font-size\"><strong>DETTAGLI DEL PROGETTO<\/strong><\/p>\n\n\n\n<p class=\"has-extra-large-font-size\">Mediante la proposizione di una configurazione innovativa di piattaforma energetica ibrida integrata di generazione e accumulo, che permetta la conversione di biomassa in energia direttamente fruibile in prossimit\u00e0 dei siti di raccolta e di energia elettrica da fonte solare, il progetto SMART MOBIITY HUB rappresenta una concreta soluzione alla necessit\u00e0 di garantire produzione decentrata ed ottimizzata da sole fonti rinnovabili per sostenere una mobilit\u00e0 e un turismo sempre pi\u00f9 sostenibili.<\/p>\n\n\n\n<p class=\"has-extra-large-font-size\">Il Consorzio proponente \u00e8 una partnership pubblico-privata gi\u00e0 fondata sul trasferimento bidirezionale della conoscenza tra il settore della ricerca e l&#8217;industria e pienamente consapevole dell\u2019importanza delle azioni di divulgazione verso stakeholder diversi (operatori commerciali, specialisti dell\u2019ambito scientifico e tecnologico, investitori privati e autorit\u00e0 pubbliche). I partner del progetto sono gi\u00e0 ampiamente impegnati in attivit\u00e0 di innovazione nel settore energetico e nella mobilit\u00e0 sostenibile e trasferiranno alle attivit\u00e0 previste tutto il know-how e le capacit\u00e0 produttive acquisite nel corso della loro esperienza pregressa e in precedenti iniziative di ricerca e sviluppo finanziate a diversi livelli.<\/p>\n\n\n\n<p class=\"has-extra-large-font-size\">Le attivit\u00e0 svolte dai diversi partner nell\u2019ambito del progetto SMART MOBILITY HUB sono finalizzate allo sviluppo di soluzioni tecnologiche in grado di erogare servizi diversi ai cittadini, mediante alimentazione da sole fonti rinnovabili e, in particolare, a fornire supporto della diffusione di servizi di sharing con ricarica a basso impatto ambientale in aree naturali protette. Tali attivit\u00e0 presentano molteplici elementi di originalit\u00e0 ed innovazione, comportando miglioramenti significativi rispetto allo stato dell\u2019arte di riferimento. Tali elementi riguardano infatti sia l\u2019architettura dei sistemi prototipali proposti sia i singoli sotto-componenti. In particolare, per ogni HUB \u00e8 prevista l\u2019adozione di una architettura di tipo micro-grid basata sull\u2019impiego di periferiche ICT intelligenti per la gestione ottimale dei flussi energetici tra fonti rinnovabili (FV e biomasse a seconda delle disponibilit\u00e0 locali), veicoli elettrici in ricarica e sistemi di accumulo stazionario.<\/p>\n\n\n\n<p class=\"has-extra-large-font-size\">Si prevede una specifica applicazione sul territorio del Cilento nella Regione Campania, nello specifico nell\u2019Oasi dell\u2019Alento che coprir\u00e0 gli ultimi 12 mesi di durata progetto, per l\u2019erogazione di servizi diversi, tra i quali principalmente la pubblica illuminazione e l\u2019alimentazione wi-fi e l\u2019installazione di stazioni diricarica di veicoli elettrici. Le caratteristiche del dimostratore potranno estendersi modularmente e fornire successivamente un punto focale nella rete locale che integrer\u00e0 perfettamente diverse modalit\u00e0 di generazione e supporto alla mobilit\u00e0 che massimizzano la connettivit\u00e0 e l&#8217;accesso per i conducenti di veicoli in transito.<\/p>\n\n\n\n<p class=\"has-extra-large-font-size\">Il ventaglio di opportunit\u00e0 derivanti dal progetto si estender\u00e0 non solo al settore della mobilit\u00e0 elettrica ma anche ad altri settori quali: illuminazione pubblica, servizi di condivisione auto, zone di chiamata, rete pubblica WI-FI, stazioni di ricarica cellulare e cos\u00ec via. Questo conferisce al progetto la possibilit\u00e0 di poter essere esteso oltre che all\u2019ambito territoriale per cui nasce, anche a territori differenti che intendano creare una linea di sviluppo investendo nel settore della green economy: dall\u2019energia verde alla mobilit\u00e0 sostenibile.<\/p>\n\n\n\n<p class=\"has-extra-large-font-size\">Tali tematiche sono del tutto in linea con le principali priorit\u00e0 della Strategia Nazionale di Specializzazione Intelligente in ambito energetico e pi\u00f9 in generale con le priorit\u00e0 Europee e gli obiettivi internazionali del United Nations Framework Convention on Climate Change (UNFCCC) e successive Conferences of the Parties (COP).<\/p>\n\n\n\n<p class=\"has-extra-large-font-size\"><strong>CONTATTI<\/strong><\/p>\n\n\n\n<p class=\"has-extra-large-font-size\">michela.costa@stems.cnr.it<\/p>\n<\/div><\/div>\n","protected":false},"excerpt":{"rendered":"<p>PROGETTO Il progetto SMART MOBILITY HUB, Piattaforme integrate di generazione e accumulo di energia in configurazione \u201cad isola\u201d per servizi off-grid, \u00e8 stato ammesso a finanziamento nell\u2019ambito del Bando del Ministero delle Sviluppo Economico &#8211; Pon Imprese E Competitivit\u00e0 Fesr 2014\/2020 \u2013 Fondo Per La Crescita Sostenibile Decreto Ministeriale 20 Novembre 2018. Le attivit\u00e0 hanno<\/p>\n","protected":false},"author":1,"featured_media":0,"parent":0,"menu_order":0,"comment_status":"closed","ping_status":"closed","template":"","meta":{"footnotes":""},"class_list":["post-12","page","type-page","status-publish","hentry"],"_links":{"self":[{"href":"https:\/\/www.smartmobilityhub.it\/index.php?rest_route=\/wp\/v2\/pages\/12","targetHints":{"allow":["GET"]}}],"collection":[{"href":"https:\/\/www.smartmobilityhub.it\/index.php?rest_route=\/wp\/v2\/pages"}],"about":[{"href":"https:\/\/www.smartmobilityhub.it\/index.php?rest_route=\/wp\/v2\/types\/page"}],"author":[{"embeddable":true,"href":"https:\/\/www.smartmobilityhub.it\/index.php?rest_route=\/wp\/v2\/users\/1"}],"replies":[{"embeddable":true,"href":"https:\/\/www.smartmobilityhub.it\/index.php?rest_route=%2Fwp%2Fv2%2Fcomments&post=12"}],"version-history":[{"count":8,"href":"https:\/\/www.smartmobilityhub.it\/index.php?rest_route=\/wp\/v2\/pages\/12\/revisions"}],"predecessor-version":[{"id":108,"href":"https:\/\/www.smartmobilityhub.it\/index.php?rest_route=\/wp\/v2\/pages\/12\/revisions\/108"}],"wp:attachment":[{"href":"https:\/\/www.smartmobilityhub.it\/index.php?rest_route=%2Fwp%2Fv2%2Fmedia&parent=12"}],"curies":[{"name":"wp","href":"https:\/\/api.w.org\/{rel}","templated":true}]}}