{"id":26,"date":"2022-06-06T11:26:08","date_gmt":"2022-06-06T09:26:08","guid":{"rendered":"http:\/\/www.smartmobilityhub.it\/?page_id=26"},"modified":"2022-09-29T12:42:21","modified_gmt":"2022-09-29T10:42:21","slug":"proponenti","status":"publish","type":"page","link":"https:\/\/www.smartmobilityhub.it\/?page_id=26","title":{"rendered":"Proponenti"},"content":{"rendered":"<table style=\"width: 100%; border-style: hidden; height: 392px;\" border=\"none\">\n<tbody>\n<tr style=\"height: 392px; border-style: hidden;\">\n<td style=\"width: 25.8333%; height: 392px;\" width=\"150\">\n<figure class=\"wp-block-image size-full\"><a href=\"http:\/\/www.stems.cnr.it\" target=\"_blank\" rel=\"noreferrer noopener\"><img loading=\"lazy\" decoding=\"async\" class=\"wp-image-128\" src=\"http:\/\/www.smartmobilityhub.it\/wp-content\/uploads\/2022\/06\/Immagine2.png\" alt=\"\" width=\"211\" height=\"67\" \/><\/a><\/figure>\n<figure class=\"wp-block-image size-full\"><a href=\"https:\/\/www.epmservizi.com\" target=\"_blank\" rel=\"noreferrer noopener\"><img loading=\"lazy\" decoding=\"async\" class=\"wp-image-129\" src=\"http:\/\/www.smartmobilityhub.it\/wp-content\/uploads\/2022\/06\/Immagine3.png\" alt=\"\" width=\"212\" height=\"89\" \/><\/a><\/figure>\n<figure class=\"wp-block-image size-full\"><a href=\"https:\/\/www.gaiaenergy.it\" target=\"_blank\" rel=\"noreferrer noopener\"><img loading=\"lazy\" decoding=\"async\" class=\"wp-image-127\" src=\"http:\/\/www.smartmobilityhub.it\/wp-content\/uploads\/2022\/06\/Immagine4.png\" alt=\"\" width=\"212\" height=\"92\" \/><\/a><\/figure>\n<figure class=\"wp-block-image size-full\"><a href=\"https:\/\/www.cmdengine.com\" target=\"_blank\" rel=\"noreferrer noopener\"><img loading=\"lazy\" decoding=\"async\" class=\"wp-image-126\" src=\"http:\/\/www.smartmobilityhub.it\/wp-content\/uploads\/2022\/06\/Immagine5.png\" alt=\"\" width=\"214\" height=\"107\" \/><\/a><\/figure>\n<\/td>\n<td style=\"width: 73.2143%; height: 392px;\">\n<p style=\"text-align: justify;\">I proponenti del progetto SMART MOBILITY HUB sono la societ\u00e0 EPM S.r.l. (Capofila), impresa specializzata nei servizi ambientali con esperienza trentennale e\u00a0 che offre servizi in ambito energetico in qualit\u00e0 di ESCO, \u00a0la societ\u00e0 GAIA ENERGY S.r.l che opera da anni nei settori delle energie rinnovabili e dell\u2019efficientamento energetico e l\u2019Istituto di Scienze e Tecnologie per l\u2019Energia e la Mobilit\u00e0 Sostenibili del Consiglio Nazionale delle Ricerche &#8211; (CNR-STEMS) che svolge attivit\u00e0 di ricerca di base e di supporto allo sviluppo tecnologico nei settori della conversione dell\u2019energia e della protezione dell\u2019ambiente. Ulteriore soggetto coinvolto \u00e8 la Costruzioni Motori Diesel S.p.A. che lavorer\u00e0 a supporto della EPM nel fornire competenze specialistiche, capacit\u00e0 tecnologiche e risorse strumentali di supporto alle attivit\u00e0 relative alla cogenerazione da biomassa residuale.<\/p>\n<\/td>\n<\/tr>\n<\/tbody>\n<\/table>\n","protected":false},"excerpt":{"rendered":"<p>I proponenti del progetto SMART MOBILITY HUB sono la societ\u00e0 EPM S.r.l. (Capofila), impresa specializzata nei servizi ambientali con esperienza trentennale e\u00a0 che offre servizi in ambito energetico in qualit\u00e0 di ESCO, \u00a0la societ\u00e0 GAIA ENERGY S.r.l che opera da anni nei settori delle energie rinnovabili e dell\u2019efficientamento energetico e l\u2019Istituto di Scienze e Tecnologie<\/p>\n","protected":false},"author":1,"featured_media":0,"parent":12,"menu_order":0,"comment_status":"closed","ping_status":"closed","template":"page-fullwidth.php","meta":{"footnotes":""},"class_list":["post-26","page","type-page","status-publish","hentry"],"_links":{"self":[{"href":"https:\/\/www.smartmobilityhub.it\/index.php?rest_route=\/wp\/v2\/pages\/26","targetHints":{"allow":["GET"]}}],"collection":[{"href":"https:\/\/www.smartmobilityhub.it\/index.php?rest_route=\/wp\/v2\/pages"}],"about":[{"href":"https:\/\/www.smartmobilityhub.it\/index.php?rest_route=\/wp\/v2\/types\/page"}],"author":[{"embeddable":true,"href":"https:\/\/www.smartmobilityhub.it\/index.php?rest_route=\/wp\/v2\/users\/1"}],"replies":[{"embeddable":true,"href":"https:\/\/www.smartmobilityhub.it\/index.php?rest_route=%2Fwp%2Fv2%2Fcomments&post=26"}],"version-history":[{"count":35,"href":"https:\/\/www.smartmobilityhub.it\/index.php?rest_route=\/wp\/v2\/pages\/26\/revisions"}],"predecessor-version":[{"id":462,"href":"https:\/\/www.smartmobilityhub.it\/index.php?rest_route=\/wp\/v2\/pages\/26\/revisions\/462"}],"up":[{"embeddable":true,"href":"https:\/\/www.smartmobilityhub.it\/index.php?rest_route=\/wp\/v2\/pages\/12"}],"wp:attachment":[{"href":"https:\/\/www.smartmobilityhub.it\/index.php?rest_route=%2Fwp%2Fv2%2Fmedia&parent=26"}],"curies":[{"name":"wp","href":"https:\/\/api.w.org\/{rel}","templated":true}]}}