{"id":400,"date":"2025-04-08T12:03:53","date_gmt":"2025-04-08T10:03:53","guid":{"rendered":"https:\/\/www.smartmobilityhub.it\/?page_id=400"},"modified":"2025-04-08T15:49:27","modified_gmt":"2025-04-08T13:49:27","slug":"consulenti","status":"publish","type":"page","link":"https:\/\/www.smartmobilityhub.it\/?page_id=400","title":{"rendered":"Consulenti"},"content":{"rendered":"\n<figure class=\"wp-block-table\">\n<p>\u00a0<\/p>\n<table class=\"has-fixed-layout\" style=\"width: 100%; height: 929px;\">\n<tbody>\n<tr style=\"height: 75px;\">\n<td style=\"width: 23.6905%; height: 75px;\">\n<figure class=\"wp-block-image size-full\"><a href=\"http:\/\/www.cilentoservizi.it\" target=\"_blank\" rel=\"noopener\"><img loading=\"lazy\" decoding=\"async\" class=\"aligncenter wp-image-401 size-full\" src=\"https:\/\/www.smartmobilityhub.it\/wp-content\/uploads\/2025\/04\/CilentoServizi.jpg\" alt=\"\" width=\"144\" height=\"70\" \/><\/a><\/figure>\n<\/td>\n<td style=\"text-align: justify; width: 76.3095%; height: 75px;\">\n<p><span style=\"font-family: arial, helvetica, sans-serif;\">La Cilento Servizi si occupa <span style=\"font-family: 'times new roman', times, serif;\">della<\/span> gestione dei servizi turistici all&#8217;interno dell&#8217;Oasi Fiume Alento e della sua cura, manutenzione e gestione. (<a href=\"http:\/\/www.cilentoservizi.it\/coop.htm\">http:\/\/www.cilentoservizi.it\/<\/a>) \u00a0<\/span><\/p>\n<\/td>\n<\/tr>\n<tr style=\"height: 97px;\">\n<td style=\"width: 23.6905%; height: 97px;\">\n<figure class=\"wp-block-image size-full\"><a href=\"http:\/\/www.cmdengine.com\" target=\"_blank\" rel=\"noopener\"><img loading=\"lazy\" decoding=\"async\" class=\"alignnone wp-image-408 size-full\" src=\"https:\/\/www.smartmobilityhub.it\/wp-content\/uploads\/2025\/04\/CMD-1.jpg\" alt=\"\" width=\"151\" height=\"70\" \/><\/a><\/figure>\n<\/td>\n<td style=\"text-align: justify; width: 76.3095%; height: 97px;\">\n<p><span style=\"font-family: arial, helvetica, sans-serif;\">CMD \u00e8 un\u2019azienda metalmeccanica fondata dalla famiglia Negri. \u00c8 un leader globale nella progettazione e realizzazione di motori e sistemi complessi per l&#8217;industria automobilistica, nautica ed aeronautica. L\u2019azienda \u00e8 simbolo nel mondo dell\u2019eccellenza nell\u2019ambito motoristico. (<a href=\"https:\/\/www.cmdengine.com\/\">https:\/\/www.cmdengine.com\/<\/a>)<\/span><\/p>\n<\/td>\n<\/tr>\n<tr style=\"height: 48px;\">\n<td style=\"width: 23.6905%; height: 48px;\">\n<figure class=\"wp-block-image size-full\"><a href=\"http:\/\/www.craveb.it\" target=\"_blank\" rel=\"noopener\"><img loading=\"lazy\" decoding=\"async\" class=\"alignnone wp-image-405 size-full\" src=\"https:\/\/www.smartmobilityhub.it\/wp-content\/uploads\/2025\/04\/craveb.jpg\" alt=\"\" width=\"130\" height=\"42\" \/><\/a><\/figure>\n<\/td>\n<td style=\"text-align: justify; width: 76.3095%; height: 48px;\">\n<p><span style=\"font-family: arial, helvetica, sans-serif;\">Il Consorzio CRAVEB si occupa di ricerca nel campo dell&#8217;ambiente, dei veicoli, dell&#8217;energia e dei biocombustibili. (<a href=\"https:\/\/www.craveb.it\/\">https:\/\/www.craveb.it\/<\/a>)<\/span><\/p>\n<\/td>\n<\/tr>\n<tr style=\"height: 73px;\">\n<td style=\"width: 23.6905%; height: 73px;\">\n<figure class=\"wp-block-image size-full\"><a href=\"http:\/\/higecomore.com\" target=\"_blank\" rel=\"noopener\"><img loading=\"lazy\" decoding=\"async\" class=\"alignnone wp-image-407 \" src=\"https:\/\/www.smartmobilityhub.it\/wp-content\/uploads\/2025\/04\/higecomore.jpg\" alt=\"\" width=\"177\" height=\"27\" \/><\/a><\/figure>\n<\/td>\n<td style=\"text-align: justify; width: 76.3095%; height: 73px;\">\n<p><span style=\"font-family: arial, helvetica, sans-serif;\">Higeco More progetta e sviluppa soluzioni chiavi in mano semplici, innovative ed efficaci per il monitoraggio e controllo degli asset rinnovabili in ambito commerciale e utility grade. (<a href=\"https:\/\/higecomore.com\/\">https:\/\/higecomore.com\/<\/a>)<\/span><\/p>\n<\/td>\n<\/tr>\n<tr style=\"height: 125px;\">\n<td style=\"width: 23.6905%; height: 125px;\">\n<figure class=\"wp-block-image size-full\"><a href=\"http:\/\/www.dicmapi.unina.it\" target=\"_blank\" rel=\"noopener\"><img loading=\"lazy\" decoding=\"async\" class=\"alignnone wp-image-414 \" src=\"https:\/\/www.smartmobilityhub.it\/wp-content\/uploads\/2025\/04\/Immagine5.png\" alt=\"\" width=\"229\" height=\"93\" \/><\/a><\/figure>\n<\/td>\n<td style=\"text-align: justify; width: 76.3095%; height: 125px;\">\n<p><span style=\"font-family: arial, helvetica, sans-serif;\">Il Dipartimento di Ingegneria Chimica, dei Materiali e della Produzione (DICMaPI) dell\u2019Universit\u00e0 degli Studi di Napoli Federico II \u00e8 uno dei principali poli educativi e scientifici italiani. Il suo obiettivo \u00e8 sviluppare l\u2019insegnamento e la ricerca di livello mondiale nell\u2019ingegneria chimica, nei materiali, nei processi di produzione e gestione industriale. Il Dipartimento fa parte di una vasta rete di collaborazioni nazionali e internazionali di alto profilo scientifico, e mette a disposizione le proprie competenze professionali a supporto di un gran numero di aziende nazionali ed internazionali. (<a href=\"https:\/\/www.dicmapi.unina.it\/\">https:\/\/www.dicmapi.unina.it\/<\/a>)<\/span><\/p>\n<\/td>\n<\/tr>\n<tr style=\"height: 145px;\">\n<td style=\"width: 23.6905%; height: 145px;\">\n<figure class=\"wp-block-image size-full\"><a href=\"http:\/\/www.newtak.it\" target=\"_blank\" rel=\"noopener\"><img loading=\"lazy\" decoding=\"async\" class=\"alignnone wp-image-424 \" src=\"https:\/\/www.smartmobilityhub.it\/wp-content\/uploads\/2025\/04\/newtakeng.png\" alt=\"\" width=\"213\" height=\"104\" \/><\/a><\/figure>\n<\/td>\n<td style=\"width: 76.3095%; height: 145px;\">\n<p style=\"text-align: justify;\">La Newtak Engineering S.r.l., fondata nel 2004, \u00e8 una societ\u00e0 di ingegneria specializzata nella ricerca applicata che ha sviluppato tecnologie innovative proprie, detenendo diversi brevetti nell&#8217;ambito della sostenibilit\u00e0, della produzione intelligente, della produzione di energia delle fonti rinnovabili e dell&#8217;efficienza in genere. (<a href=\"https:\/\/www.newtak.it\/\">https:\/\/www.newtak.it\/<\/a>)<\/p>\n<\/td>\n<\/tr>\n<tr style=\"height: 222px;\">\n<td style=\"width: 23.6905%; height: 222px;\">\n<figure class=\"wp-block-image size-full\"><a href=\"http:\/\/pdta.web.uniroma1.it\/it\" target=\"_blank\" rel=\"noopener\"><img loading=\"lazy\" decoding=\"async\" class=\"alignnone wp-image-425 size-full\" src=\"https:\/\/www.smartmobilityhub.it\/wp-content\/uploads\/2025\/04\/sapienza.png\" alt=\"\" width=\"199\" height=\"59\" \/><\/a><\/figure>\n<\/td>\n<td style=\"width: 76.3095%; height: 222px;\">\n<p style=\"text-align: justify;\">Il Dipartimento di Pianificazione, Design, Tecnologia dell&#8217;Architettura \u00e8 stato costituito con la fusione di tre grandi aree di interesse: quella del design e dell&#8217;innovazioni di processo e di prodotto che riguardano gli artefatti industriali, quella costituita dall\u2019insieme delle ricerche nel campo dell\u2019innovazione tecnologica e dei processi di attuazione dell\u2019architettura, e quella rappresentata da tutte quelle acquisizioni, connesse agli studi sui processi di trasformazione del territorio tipici delle societ\u00e0 industriali mature, derivanti da una particolare attenzione alle problematiche del riequilibrio ambientale. Il nuovo Dipartimento raccoglie 80 unit\u00e0 ed in particolare 62 tra docenti e ricercatori incardinati in settori scientifico-disciplinari tra loro fortemente interrelati e 18 unit\u00e0 di personale tecnico \u2013 amministrativo e bibliotecario attivi nella Segreteria Amministrativa, nella Biblioteca e nei Laboratori. (<a href=\"https:\/\/pdta.web.uniroma1.it\/it\">https:\/\/pdta.web.uniroma1.it\/it<\/a>)<\/p>\n<\/td>\n<\/tr>\n<tr style=\"height: 144px;\">\n<td style=\"width: 23.6905%; height: 144px;\">\n<figure class=\"wp-block-image size-full\"><a href=\"http:\/\/www.servgestimp.it\" target=\"_blank\" rel=\"noopener\"><img loading=\"lazy\" decoding=\"async\" class=\"alignnone wp-image-426 size-full\" src=\"https:\/\/www.smartmobilityhub.it\/wp-content\/uploads\/2025\/04\/sgi.png\" alt=\"\" width=\"171\" height=\"90\" \/><\/a><\/figure>\n<\/td>\n<td style=\"width: 76.3095%; height: 144px;\">\n<p style=\"text-align: justify;\">SGI &#8211; Servizi e Gestione Impianti srl progetta e realizza impianti fotovoltaici e opera investimenti per il Gruppo SHS di cui \u00e8 parte. Con l\u2019obiettivo di sostenere la produzione di energia elettrica da fonti rinnovabili, l\u2019Azienda opera in un\u2019ottica di promozione dell\u2019efficacia, dell\u2019efficienza e della sostenibilit\u00e0 ambientale. (<a href=\"https:\/\/www.servgestimp.it\/\">https:\/\/www.servgestimp.it\/<\/a>)<\/p>\n<\/td>\n<\/tr>\n<\/tbody>\n<\/table>\n<\/figure>\n","protected":false},"excerpt":{"rendered":"<p>\u00a0 La Cilento Servizi si occupa della gestione dei servizi turistici all&#8217;interno dell&#8217;Oasi Fiume Alento e della sua cura, manutenzione e gestione. (http:\/\/www.cilentoservizi.it\/) \u00a0 CMD \u00e8 un\u2019azienda metalmeccanica fondata dalla famiglia Negri. \u00c8 un leader globale nella progettazione e realizzazione di motori e sistemi complessi per l&#8217;industria automobilistica, nautica ed aeronautica. L\u2019azienda \u00e8 simbolo nel<\/p>\n","protected":false},"author":1,"featured_media":0,"parent":12,"menu_order":0,"comment_status":"closed","ping_status":"closed","template":"page-fullwidth.php","meta":{"footnotes":""},"class_list":["post-400","page","type-page","status-publish","hentry"],"_links":{"self":[{"href":"https:\/\/www.smartmobilityhub.it\/index.php?rest_route=\/wp\/v2\/pages\/400","targetHints":{"allow":["GET"]}}],"collection":[{"href":"https:\/\/www.smartmobilityhub.it\/index.php?rest_route=\/wp\/v2\/pages"}],"about":[{"href":"https:\/\/www.smartmobilityhub.it\/index.php?rest_route=\/wp\/v2\/types\/page"}],"author":[{"embeddable":true,"href":"https:\/\/www.smartmobilityhub.it\/index.php?rest_route=\/wp\/v2\/users\/1"}],"replies":[{"embeddable":true,"href":"https:\/\/www.smartmobilityhub.it\/index.php?rest_route=%2Fwp%2Fv2%2Fcomments&post=400"}],"version-history":[{"count":60,"href":"https:\/\/www.smartmobilityhub.it\/index.php?rest_route=\/wp\/v2\/pages\/400\/revisions"}],"predecessor-version":[{"id":503,"href":"https:\/\/www.smartmobilityhub.it\/index.php?rest_route=\/wp\/v2\/pages\/400\/revisions\/503"}],"up":[{"embeddable":true,"href":"https:\/\/www.smartmobilityhub.it\/index.php?rest_route=\/wp\/v2\/pages\/12"}],"wp:attachment":[{"href":"https:\/\/www.smartmobilityhub.it\/index.php?rest_route=%2Fwp%2Fv2%2Fmedia&parent=400"}],"curies":[{"name":"wp","href":"https:\/\/api.w.org\/{rel}","templated":true}]}}