{"id":42,"date":"2022-06-06T11:47:56","date_gmt":"2022-06-06T09:47:56","guid":{"rendered":"http:\/\/www.smartmobilityhub.it\/?page_id=42"},"modified":"2022-06-08T16:29:17","modified_gmt":"2022-06-08T14:29:17","slug":"finalita","status":"publish","type":"page","link":"https:\/\/www.smartmobilityhub.it\/?page_id=42","title":{"rendered":"Finalit\u00e0"},"content":{"rendered":"<p style=\"text-align: justify;\">Il progetto SMART MOBILITY HUB \u00e8 finalizzato allo sviluppo di soluzioni tecnologiche in grado di erogare differenti servizi ai cittadini, mediante alimentazione da sole fonti rinnovabili e, in particolare, a fornire supporto alla diffusione di servizi di sharing di veicoli sostenibili con ricarica a basso impatto ambientale in aree naturali protette.<\/p>\n<p style=\"text-align: justify;\">In particolar modo, si intende ottimizzare la produzione e l\u2019accumulo di energia attraverso una gestione smart, flessibile e capace di ridurre al minimo gli sprechi, ma garantendo al contempo la continuit\u00e0 e la fruibilit\u00e0 del servizio agli utenti. In questo modo si favorir\u00e0 lo sviluppo dell\u2019intero territorio non solo considerando le ripercussioni che il sistema HUB sar\u00e0 in grado di generare in termini di sviluppo turistico (legato ovviamente ai servizi di smart mobility) ma anche rendendolo il pi\u00f9 energeticamente indipendente possibile.<\/p>\n","protected":false},"excerpt":{"rendered":"<p>Il progetto SMART MOBILITY HUB \u00e8 finalizzato allo sviluppo di soluzioni tecnologiche in grado di erogare differenti servizi ai cittadini, mediante alimentazione da sole fonti rinnovabili e, in particolare, a fornire supporto alla diffusione di servizi di sharing di veicoli sostenibili con ricarica a basso impatto ambientale in aree naturali protette. In particolar modo, si<\/p>\n","protected":false},"author":1,"featured_media":0,"parent":12,"menu_order":0,"comment_status":"closed","ping_status":"closed","template":"page-fullwidth.php","meta":{"footnotes":""},"class_list":["post-42","page","type-page","status-publish","hentry"],"_links":{"self":[{"href":"https:\/\/www.smartmobilityhub.it\/index.php?rest_route=\/wp\/v2\/pages\/42","targetHints":{"allow":["GET"]}}],"collection":[{"href":"https:\/\/www.smartmobilityhub.it\/index.php?rest_route=\/wp\/v2\/pages"}],"about":[{"href":"https:\/\/www.smartmobilityhub.it\/index.php?rest_route=\/wp\/v2\/types\/page"}],"author":[{"embeddable":true,"href":"https:\/\/www.smartmobilityhub.it\/index.php?rest_route=\/wp\/v2\/users\/1"}],"replies":[{"embeddable":true,"href":"https:\/\/www.smartmobilityhub.it\/index.php?rest_route=%2Fwp%2Fv2%2Fcomments&post=42"}],"version-history":[{"count":8,"href":"https:\/\/www.smartmobilityhub.it\/index.php?rest_route=\/wp\/v2\/pages\/42\/revisions"}],"predecessor-version":[{"id":259,"href":"https:\/\/www.smartmobilityhub.it\/index.php?rest_route=\/wp\/v2\/pages\/42\/revisions\/259"}],"up":[{"embeddable":true,"href":"https:\/\/www.smartmobilityhub.it\/index.php?rest_route=\/wp\/v2\/pages\/12"}],"wp:attachment":[{"href":"https:\/\/www.smartmobilityhub.it\/index.php?rest_route=%2Fwp%2Fv2%2Fmedia&parent=42"}],"curies":[{"name":"wp","href":"https:\/\/api.w.org\/{rel}","templated":true}]}}