{"id":51,"date":"2022-06-06T11:52:36","date_gmt":"2022-06-06T09:52:36","guid":{"rendered":"http:\/\/www.smartmobilityhub.it\/?page_id=51"},"modified":"2024-11-13T14:24:03","modified_gmt":"2024-11-13T13:24:03","slug":"dettagli-del-progetto","status":"publish","type":"page","link":"https:\/\/www.smartmobilityhub.it\/?page_id=51","title":{"rendered":"Dettagli del Progetto"},"content":{"rendered":"<p style=\"text-align: justify;\">Mediante la proposizione di una innovativa piattaforma energetica ibrida di generazione e accumulo, che permetta la conversione di biomassa in energia direttamente fruibile in prossimit\u00e0 dei siti di raccolta e di energia elettrica da fonte solare, il progetto SMART MOBIITY HUB rappresenta una concreta soluzione alla necessit\u00e0 di garantire un uso razionale delle fonti rinnovabili per sostenere la mobilit\u00e0 elettrica e la fruizione consapevole delle risorse territoriali.<\/p>\n<p style=\"text-align: justify;\">Il Consorzio proponente \u00e8 una partnership pubblico-privata gi\u00e0 fondata sul trasferimento bidirezionale di conoscenza tra il settore della ricerca pubblica e l\u2019industria (open innovation), pienamente coinvolta in azioni divulgative verso stakeholder diversificati, come gli enti di gestione territoriale e le autorit\u00e0 pubbliche, gli operatori commerciali, gli specialisti dell\u2019ambito energetico, gli investitori privati e le scuole. <\/p>\n<p style=\"text-align: justify;\">Le attivit\u00e0 del progetto SMART MOBILITY HUB presentano molteplici elementi di originalit\u00e0 e comportano miglioramenti significativi rispetto allo stato dell\u2019arte internazionale dei settori di riferimento. Tali elementi riguardano infatti sia l\u2019architettura dei sistemi prototipali proposti, sia i singoli sotto-componenti. In particolare, la configurazione ad hub consiste in un&#8217;architettura altamente integrata di tipo micro-grid muti-sorgente, inclusiva di sistemi di storage elettrochimico, basata anche sull\u2019impiego di periferiche ICT intelligenti per il monitoraggio da remoto e la gestione ottimale dei flussi energetici tra i sistemi adibiti alla generazione da fonti rinnovabili, veicoli elettrici in ricarica, ausiliari e sistemi di accumulo stazionario.<\/p>\n<p style=\"text-align: justify;\">Due specifiche applicazioni sono state realizzate e validate nel corso del progetto: la prima in ambiente rilevante presso il sito di una delle Societ\u00e0 coinvolte, in San Nicola La Strada, provincia di Caserta, l\u2019altra presso l\u2019Oasi del Fiume Alento, in provincia di Salerno, per l\u2019erogazione di servizi diversi, tra i quali principalmente l\u2019alimentazione di stazioni di ricarica di device e cellulari e di veicoli elettrici ad uso turistico (e-bike, golf cart elettriche, mini-bus elettrico). Il dimostratore ha mostrato le sue funzionalit\u00e0 di operativit\u00e0 ad isola in alimentazione da energia solare e da biomassa residuale disponibile localmente, completamente distaccato dalla rete elettrica nazionale, e riuscendo a fornire energia elettrica sufficiente a garantire la mobilit\u00e0 dei turisti nell\u2019Oasi, con una ricarica costo zero dei veicoli ivi disponibili.<\/p>\n<p style=\"text-align: justify;\">Le caratteristiche del dimostratore potranno estendersi in futuro modularmente, cos\u00ec da rilasciare sul mercato hub che possano diventare punti focali della rete locale dei trasporti, capaci di integrare perfettamente diverse modalit\u00e0 di generazione e di sfruttare la connettivit\u00e0 IoT e i benefici che essa pu\u00f2 determinare non solo per la gestione degli impuniti energetici, ma anche per la migliore esperienza di guida dei conducenti dei veicoli in transito.<\/p>\n<p style=\"text-align: justify;\">Il ventaglio di opportunit\u00e0 derivanti dal progetto si estender\u00e0 anche ad altri settori quali l&#8217;illuminazione pubblica, i servizi di informazione, la rete pubblica WI-FI, le stazioni di scambio di veicoli in un\u2019ottica di trasporto intermodale. La flessibilit\u00e0 conferita all\u2019hub gli conferisce la possibilit\u00e0 di poter essere esteso oltre che all\u2019ambito territoriale per cui \u00e8 stato concepito, anche a territori differenti che intendano investire nel settore della green economy. Coniuga generazione da sole fonti rinnovabili con mobilit\u00e0 elettrica ed \u00e8 quindi l\u2019elemento di congiunzione pi\u00f9 naturale e adeguato tra energia verde e mobilit\u00e0 sostenibile.<\/p>\n<p style=\"text-align: justify;\">Le tematiche su cui il progetto \u00e8 incentrato sono del tutto in linea con le principali priorit\u00e0 della Strategia Nazionale di Specializzazione Intelligente in ambito energetico e pi\u00f9 in generale con le priorit\u00e0 Europee e gli obiettivi internazionali del United Nations Framework Convention on Climate Change (UNFCCC) e successive Conferences of the Parties (COP), oltre che con l\u2019Agenda ONU 2030.<\/p>\n\n<p><\/p>\n\n\n\n<p><\/p>\n\n\n\n<p><\/p>\n\n\n\n<p><\/p>\n\n\n\n<p><\/p>\n","protected":false},"excerpt":{"rendered":"<p>Mediante la proposizione di una innovativa piattaforma energetica ibrida di generazione e accumulo, che permetta la conversione di biomassa in energia direttamente fruibile in prossimit\u00e0 dei siti di raccolta e di energia elettrica da fonte solare, il progetto SMART MOBIITY HUB rappresenta una concreta soluzione alla necessit\u00e0 di garantire un uso razionale delle fonti rinnovabili<\/p>\n","protected":false},"author":1,"featured_media":0,"parent":12,"menu_order":0,"comment_status":"closed","ping_status":"closed","template":"page-fullwidth.php","meta":{"footnotes":""},"class_list":["post-51","page","type-page","status-publish","hentry"],"_links":{"self":[{"href":"https:\/\/www.smartmobilityhub.it\/index.php?rest_route=\/wp\/v2\/pages\/51","targetHints":{"allow":["GET"]}}],"collection":[{"href":"https:\/\/www.smartmobilityhub.it\/index.php?rest_route=\/wp\/v2\/pages"}],"about":[{"href":"https:\/\/www.smartmobilityhub.it\/index.php?rest_route=\/wp\/v2\/types\/page"}],"author":[{"embeddable":true,"href":"https:\/\/www.smartmobilityhub.it\/index.php?rest_route=\/wp\/v2\/users\/1"}],"replies":[{"embeddable":true,"href":"https:\/\/www.smartmobilityhub.it\/index.php?rest_route=%2Fwp%2Fv2%2Fcomments&post=51"}],"version-history":[{"count":3,"href":"https:\/\/www.smartmobilityhub.it\/index.php?rest_route=\/wp\/v2\/pages\/51\/revisions"}],"predecessor-version":[{"id":395,"href":"https:\/\/www.smartmobilityhub.it\/index.php?rest_route=\/wp\/v2\/pages\/51\/revisions\/395"}],"up":[{"embeddable":true,"href":"https:\/\/www.smartmobilityhub.it\/index.php?rest_route=\/wp\/v2\/pages\/12"}],"wp:attachment":[{"href":"https:\/\/www.smartmobilityhub.it\/index.php?rest_route=%2Fwp%2Fv2%2Fmedia&parent=51"}],"curies":[{"name":"wp","href":"https:\/\/api.w.org\/{rel}","templated":true}]}}